{"id":2,"date":"2024-04-23T14:16:04","date_gmt":"2024-04-23T13:16:04","guid":{"rendered":"https:\/\/cmsmondo.com\/francais\/?page_id=2"},"modified":"2024-10-26T15:25:24","modified_gmt":"2024-10-26T14:25:24","slug":"accueil","status":"publish","type":"page","link":"https:\/\/cmsmondo.com\/francais\/","title":{"rendered":"Accueil"},"content":{"rendered":"\n<p>Inscrivez-vous pour recevoir notre newsletter, rendez vous sur <a href=\"https:\/\/cmsmondo.com\/\">le site global<\/a> !<\/p>\n\n\n\n<div class=\"wp-block-group alignfull has-contrast-3-color has-base-background-color has-text-color has-background has-link-color wp-elements-b540819cdded8d4ee6866edf67fbd828 is-layout-flow wp-block-group-is-layout-flow\" style=\"margin-top:var(--wp--preset--spacing--30);margin-bottom:var(--wp--preset--spacing--30);padding-top:var(--wp--preset--spacing--30);padding-right:0;padding-bottom:var(--wp--preset--spacing--30);padding-left:0\">\n<div class=\"wp-block-group has-global-padding is-layout-constrained wp-block-group-is-layout-constrained\">\n<h2 class=\"wp-block-heading has-text-align-center has-contrast-3-color has-text-color has-link-color wp-elements-5b6b85a2066a214c6b814566b2e29601\"><a href=\"https:\/\/cmsmondo.com\/francais\/episode-2-eddy-boels\/\">\u00c9pisode 2 &#8211; Fran\u00e7ais<\/a><\/h2>\n\n\n\n<div class=\"wp-block-columns is-layout-flex wp-container-core-columns-is-layout-28f84493 wp-block-columns-is-layout-flex\">\n<div class=\"wp-block-column is-vertically-aligned-center is-layout-flow wp-block-column-is-layout-flow\">\n<figure class=\"wp-block-image size-large\"><a href=\"https:\/\/cmsmondo.com\/francais\/episode-2-eddy-boels\/\"><img loading=\"lazy\" decoding=\"async\" width=\"1024\" height=\"576\" src=\"https:\/\/cmsmondo.com\/francais\/wp-content\/uploads\/sites\/4\/2024\/07\/WPMondo_avec_Eddy_Boels-1024x576.webp\" alt=\"Eddy Boels - Episode 2 - Fran\u00e7ais\" class=\"wp-image-23\" srcset=\"https:\/\/cmsmondo.com\/francais\/wp-content\/uploads\/sites\/4\/2024\/07\/WPMondo_avec_Eddy_Boels-1024x576.webp 1024w, https:\/\/cmsmondo.com\/francais\/wp-content\/uploads\/sites\/4\/2024\/07\/WPMondo_avec_Eddy_Boels-300x169.webp 300w, https:\/\/cmsmondo.com\/francais\/wp-content\/uploads\/sites\/4\/2024\/07\/WPMondo_avec_Eddy_Boels-768x432.webp 768w, https:\/\/cmsmondo.com\/francais\/wp-content\/uploads\/sites\/4\/2024\/07\/WPMondo_avec_Eddy_Boels-1536x864.webp 1536w, https:\/\/cmsmondo.com\/francais\/wp-content\/uploads\/sites\/4\/2024\/07\/WPMondo_avec_Eddy_Boels.webp 1920w\" sizes=\"auto, (max-width: 1024px) 100vw, 1024px\" \/><\/a><\/figure>\n<\/div>\n\n\n\n<div class=\"wp-block-column is-vertically-aligned-center is-layout-flow wp-block-column-is-layout-flow\">\n<p class=\"has-text-align-left\">Nous avons l\u2019honneur d\u2019accueillir <a href=\"https:\/\/cmsmondo.com\/francais\/episode-2-eddy-boels\/\" data-type=\"post\" data-id=\"21\">Eddy Boels<\/a>, de Whodunit, comme premier invit\u00e9 francophone !<\/p>\n<\/div>\n<\/div>\n<\/div>\n<\/div>\n\n\n\n<h2 class=\"wp-block-heading\">Conversations dans plusieurs langues<\/h2>\n\n\n\n<p>Toutes les conversations sont d\u00e9contract\u00e9es, amicales et inclusives ! Nous nous concentrerons \u00e9videmment sur des sujets li\u00e9s aux CMS, mais nous voulons pr\u00e9senter votre vie, vos points de vue, votre histoire !<\/p>\n\n\n\n<h3 class=\"wp-block-heading\">Cat\u00e9gories<\/h3>\n\n\n\n<p>(noms susceptibles d&rsquo;\u00eatre modifi\u00e9s)<\/p>\n\n\n\n<ul class=\"wp-block-list\">\n<li><strong>L&rsquo;intervieweur interview\u00e9<\/strong> : des interviews de personnes qui accueillent g\u00e9n\u00e9ralement d&rsquo;autres personnes dans leurs \u00e9missions<\/li>\n\n\n\n<li><strong>Contribution<\/strong> : focus sur la contribution aux projets open source<\/li>\n\n\n\n<li><strong>Produit<\/strong> : focus sur les agences, les cr\u00e9ateurs de plugins\/th\u00e8mes et fournisseurs de services, les h\u00e9bergeurs, etc.<\/li>\n\n\n\n<li><strong>Autre<\/strong> : y compris la communaut\u00e9, le fun et les sujets divers<\/li>\n<\/ul>\n\n\n\n<p>Premi\u00e8res langues : Anglais, fran\u00e7ais, espagnol, allemand ! Bient\u00f4t : Italien<\/p>\n\n\n\n<p>Soyez un h\u00f4te dans votre langue, remplissez <a href=\"https:\/\/cmsmondo.com\/become-a-host\/\" class=\"ek-link\">ce formulaire<\/a> ! (anglais, site global)<\/p>\n\n\n\n<p>Soyez un invit\u00e9, remplissez <a href=\"https:\/\/cmsmondo.com\/book-a-conversation\/\" class=\"ek-link\">ce formulaire<\/a> ! (anglais, site global)<\/p>\n\n\n\n<p>Devenez sponsor, remplissez <a href=\"https:\/\/cmsmondo.com\/sponsor\/\" class=\"ek-link\">ce formulaire<\/a> ! (anglais, site global)<\/p>\n\n\n\n<h2 class=\"wp-block-heading\">Annuaire<\/h2>\n\n\n\n<p>Soyez dans notre annuaire ! (Bient\u00f4t\u2026)<\/p>\n\n\n\n<h2 class=\"wp-block-heading\">Agr\u00e9gation d&rsquo;actualit\u00e9s<\/h2>\n\n\n\n<p>Actualit\u00e9s CMS : soumettez votre source d&rsquo;information pr\u00e9f\u00e9r\u00e9e, dans votre langue ! (Bient\u00f4t\u2026)<\/p>\n","protected":false},"excerpt":{"rendered":"<p>Inscrivez-vous pour recevoir notre newsletter, rendez vous sur le site global ! \u00c9pisode 2 &#8211; Fran\u00e7ais Nous avons l\u2019honneur d\u2019accueillir Eddy Boels, de Whodunit, comme premier invit\u00e9 francophone ! Conversations dans plusieurs langues Toutes les conversations sont d\u00e9contract\u00e9es, amicales et inclusives ! Nous nous concentrerons \u00e9videmment sur des sujets li\u00e9s aux CMS, mais nous voulons [&hellip;]<\/p>\n","protected":false},"author":2,"featured_media":0,"parent":0,"menu_order":0,"comment_status":"closed","ping_status":"closed","template":"","meta":{"footnotes":""},"class_list":["post-2","page","type-page","status-publish","hentry"],"_links":{"self":[{"href":"https:\/\/cmsmondo.com\/francais\/wp-json\/wp\/v2\/pages\/2","targetHints":{"allow":["GET"]}}],"collection":[{"href":"https:\/\/cmsmondo.com\/francais\/wp-json\/wp\/v2\/pages"}],"about":[{"href":"https:\/\/cmsmondo.com\/francais\/wp-json\/wp\/v2\/types\/page"}],"author":[{"embeddable":true,"href":"https:\/\/cmsmondo.com\/francais\/wp-json\/wp\/v2\/users\/2"}],"replies":[{"embeddable":true,"href":"https:\/\/cmsmondo.com\/francais\/wp-json\/wp\/v2\/comments?post=2"}],"version-history":[{"count":10,"href":"https:\/\/cmsmondo.com\/francais\/wp-json\/wp\/v2\/pages\/2\/revisions"}],"predecessor-version":[{"id":48,"href":"https:\/\/cmsmondo.com\/francais\/wp-json\/wp\/v2\/pages\/2\/revisions\/48"}],"wp:attachment":[{"href":"https:\/\/cmsmondo.com\/francais\/wp-json\/wp\/v2\/media?parent=2"}],"curies":[{"name":"wp","href":"https:\/\/api.w.org\/{rel}","templated":true}]}}